{"id":5926,"date":"2025-08-01T02:27:43","date_gmt":"2025-08-01T02:27:43","guid":{"rendered":"https:\/\/www.coalition-publi.ca\/accueil\/"},"modified":"2026-03-06T15:32:37","modified_gmt":"2026-03-06T15:32:37","slug":"accueil","status":"publish","type":"page","link":"https:\/\/www.coalition-publi.ca\/fr\/","title":{"rendered":"Accueil"},"content":{"rendered":"","protected":false},"excerpt":{"rendered":"","protected":false},"author":1,"featured_media":0,"parent":0,"menu_order":0,"comment_status":"closed","ping_status":"closed","template":"","meta":{"_acf_changed":false,"footnotes":""},"class_list":["post-5926","page","type-page","status-publish","hentry"],"acf":[],"yoast_head":"<!-- This site is optimized with the Yoast SEO plugin v26.9 - https:\/\/yoast.com\/product\/yoast-seo-wordpress\/ -->\n<title>Coalition Publica<\/title>\n<meta name=\"description\" content=\"Coalition Publica est le partenariat strat\u00e9gique entre \u00c9rudit et PKP d\u00e9di\u00e9 \u00e0 l&#039;avancement de l&#039;\u00e9dition savante en libre acc\u00e8s.\" \/>\n<meta name=\"robots\" content=\"index, follow, max-snippet:-1, max-image-preview:large, max-video-preview:-1\" \/>\n<link rel=\"canonical\" href=\"https:\/\/www.coalition-publi.ca\/fr\/\" \/>\n<meta property=\"og:locale\" content=\"fr_FR\" \/>\n<meta property=\"og:type\" content=\"article\" \/>\n<meta property=\"og:title\" content=\"Coalition Publica\" \/>\n<meta property=\"og:description\" content=\"Coalition Publica est le partenariat strat\u00e9gique entre \u00c9rudit et PKP d\u00e9di\u00e9 \u00e0 l&#039;avancement de l&#039;\u00e9dition savante en libre acc\u00e8s.\" \/>\n<meta property=\"og:url\" content=\"https:\/\/www.coalition-publi.ca\/fr\/\" \/>\n<meta property=\"og:site_name\" content=\"Coalition publica\" \/>\n<meta property=\"article:modified_time\" content=\"2026-03-06T15:32:37+00:00\" \/>\n<meta property=\"og:image\" content=\"https:\/\/www.coalition-publi.ca\/wp-content\/uploads\/2025\/10\/partage.png\" \/>\n\t<meta property=\"og:image:width\" content=\"1200\" \/>\n\t<meta property=\"og:image:height\" content=\"628\" \/>\n\t<meta property=\"og:image:type\" content=\"image\/png\" \/>\n<meta name=\"twitter:card\" content=\"summary_large_image\" \/>\n<script type=\"application\/ld+json\" class=\"yoast-schema-graph\">{\"@context\":\"https:\/\/schema.org\",\"@graph\":[{\"@type\":\"WebPage\",\"@id\":\"https:\/\/www.coalition-publi.ca\/fr\/\",\"url\":\"https:\/\/www.coalition-publi.ca\/fr\/\",\"name\":\"Coalition Publica\",\"isPartOf\":{\"@id\":\"https:\/\/www.coalition-publi.ca\/fr\/#website\"},\"datePublished\":\"2025-08-01T02:27:43+00:00\",\"dateModified\":\"2026-03-06T15:32:37+00:00\",\"description\":\"Coalition Publica est le partenariat strat\u00e9gique entre \u00c9rudit et PKP d\u00e9di\u00e9 \u00e0 l'avancement de l'\u00e9dition savante en libre acc\u00e8s.\",\"breadcrumb\":{\"@id\":\"https:\/\/www.coalition-publi.ca\/fr\/#breadcrumb\"},\"inLanguage\":\"fr-FR\",\"potentialAction\":[{\"@type\":\"ReadAction\",\"target\":[\"https:\/\/www.coalition-publi.ca\/fr\/\"]}]},{\"@type\":\"BreadcrumbList\",\"@id\":\"https:\/\/www.coalition-publi.ca\/fr\/#breadcrumb\",\"itemListElement\":[{\"@type\":\"ListItem\",\"position\":1,\"name\":\"Accueil\",\"item\":\"https:\/\/www.coalition-publi.ca\/fr\/\"},{\"@type\":\"ListItem\",\"position\":2,\"name\":\"Accueil\"}]},{\"@type\":\"WebSite\",\"@id\":\"https:\/\/www.coalition-publi.ca\/fr\/#website\",\"url\":\"https:\/\/www.coalition-publi.ca\/fr\/\",\"name\":\"Coalition publica\",\"description\":\"Coalition publica\",\"publisher\":{\"@id\":\"https:\/\/www.coalition-publi.ca\/fr\/#organization\"},\"potentialAction\":[{\"@type\":\"SearchAction\",\"target\":{\"@type\":\"EntryPoint\",\"urlTemplate\":\"https:\/\/www.coalition-publi.ca\/fr\/?s={search_term_string}\"},\"query-input\":{\"@type\":\"PropertyValueSpecification\",\"valueRequired\":true,\"valueName\":\"search_term_string\"}}],\"inLanguage\":\"fr-FR\"},{\"@type\":\"Organization\",\"@id\":\"https:\/\/www.coalition-publi.ca\/fr\/#organization\",\"name\":\"Coalition publica\",\"url\":\"https:\/\/www.coalition-publi.ca\/fr\/\",\"logo\":{\"@type\":\"ImageObject\",\"inLanguage\":\"fr-FR\",\"@id\":\"https:\/\/www.coalition-publi.ca\/fr\/#\/schema\/logo\/image\/\",\"url\":\"https:\/\/www.coalition-publi.ca\/wp-content\/uploads\/2025\/10\/partage.png\",\"contentUrl\":\"https:\/\/www.coalition-publi.ca\/wp-content\/uploads\/2025\/10\/partage.png\",\"width\":1200,\"height\":628,\"caption\":\"Coalition publica\"},\"image\":{\"@id\":\"https:\/\/www.coalition-publi.ca\/fr\/#\/schema\/logo\/image\/\"}}]}<\/script>\n<!-- \/ Yoast SEO plugin. -->","yoast_head_json":{"title":"Coalition Publica","description":"Coalition Publica est le partenariat strat\u00e9gique entre \u00c9rudit et PKP d\u00e9di\u00e9 \u00e0 l'avancement de l'\u00e9dition savante en libre acc\u00e8s.","robots":{"index":"index","follow":"follow","max-snippet":"max-snippet:-1","max-image-preview":"max-image-preview:large","max-video-preview":"max-video-preview:-1"},"canonical":"https:\/\/www.coalition-publi.ca\/fr\/","og_locale":"fr_FR","og_type":"article","og_title":"Coalition Publica","og_description":"Coalition Publica est le partenariat strat\u00e9gique entre \u00c9rudit et PKP d\u00e9di\u00e9 \u00e0 l'avancement de l'\u00e9dition savante en libre acc\u00e8s.","og_url":"https:\/\/www.coalition-publi.ca\/fr\/","og_site_name":"Coalition publica","article_modified_time":"2026-03-06T15:32:37+00:00","og_image":[{"width":1200,"height":628,"url":"https:\/\/www.coalition-publi.ca\/wp-content\/uploads\/2025\/10\/partage.png","type":"image\/png"}],"twitter_card":"summary_large_image","schema":{"@context":"https:\/\/schema.org","@graph":[{"@type":"WebPage","@id":"https:\/\/www.coalition-publi.ca\/fr\/","url":"https:\/\/www.coalition-publi.ca\/fr\/","name":"Coalition Publica","isPartOf":{"@id":"https:\/\/www.coalition-publi.ca\/fr\/#website"},"datePublished":"2025-08-01T02:27:43+00:00","dateModified":"2026-03-06T15:32:37+00:00","description":"Coalition Publica est le partenariat strat\u00e9gique entre \u00c9rudit et PKP d\u00e9di\u00e9 \u00e0 l'avancement de l'\u00e9dition savante en libre acc\u00e8s.","breadcrumb":{"@id":"https:\/\/www.coalition-publi.ca\/fr\/#breadcrumb"},"inLanguage":"fr-FR","potentialAction":[{"@type":"ReadAction","target":["https:\/\/www.coalition-publi.ca\/fr\/"]}]},{"@type":"BreadcrumbList","@id":"https:\/\/www.coalition-publi.ca\/fr\/#breadcrumb","itemListElement":[{"@type":"ListItem","position":1,"name":"Accueil","item":"https:\/\/www.coalition-publi.ca\/fr\/"},{"@type":"ListItem","position":2,"name":"Accueil"}]},{"@type":"WebSite","@id":"https:\/\/www.coalition-publi.ca\/fr\/#website","url":"https:\/\/www.coalition-publi.ca\/fr\/","name":"Coalition publica","description":"Coalition publica","publisher":{"@id":"https:\/\/www.coalition-publi.ca\/fr\/#organization"},"potentialAction":[{"@type":"SearchAction","target":{"@type":"EntryPoint","urlTemplate":"https:\/\/www.coalition-publi.ca\/fr\/?s={search_term_string}"},"query-input":{"@type":"PropertyValueSpecification","valueRequired":true,"valueName":"search_term_string"}}],"inLanguage":"fr-FR"},{"@type":"Organization","@id":"https:\/\/www.coalition-publi.ca\/fr\/#organization","name":"Coalition publica","url":"https:\/\/www.coalition-publi.ca\/fr\/","logo":{"@type":"ImageObject","inLanguage":"fr-FR","@id":"https:\/\/www.coalition-publi.ca\/fr\/#\/schema\/logo\/image\/","url":"https:\/\/www.coalition-publi.ca\/wp-content\/uploads\/2025\/10\/partage.png","contentUrl":"https:\/\/www.coalition-publi.ca\/wp-content\/uploads\/2025\/10\/partage.png","width":1200,"height":628,"caption":"Coalition publica"},"image":{"@id":"https:\/\/www.coalition-publi.ca\/fr\/#\/schema\/logo\/image\/"}}]}},"_links":{"self":[{"href":"https:\/\/www.coalition-publi.ca\/fr\/wp-json\/wp\/v2\/pages\/5926","targetHints":{"allow":["GET"]}}],"collection":[{"href":"https:\/\/www.coalition-publi.ca\/fr\/wp-json\/wp\/v2\/pages"}],"about":[{"href":"https:\/\/www.coalition-publi.ca\/fr\/wp-json\/wp\/v2\/types\/page"}],"author":[{"embeddable":true,"href":"https:\/\/www.coalition-publi.ca\/fr\/wp-json\/wp\/v2\/users\/1"}],"replies":[{"embeddable":true,"href":"https:\/\/www.coalition-publi.ca\/fr\/wp-json\/wp\/v2\/comments?post=5926"}],"version-history":[{"count":24,"href":"https:\/\/www.coalition-publi.ca\/fr\/wp-json\/wp\/v2\/pages\/5926\/revisions"}],"predecessor-version":[{"id":8477,"href":"https:\/\/www.coalition-publi.ca\/fr\/wp-json\/wp\/v2\/pages\/5926\/revisions\/8477"}],"wp:attachment":[{"href":"https:\/\/www.coalition-publi.ca\/fr\/wp-json\/wp\/v2\/media?parent=5926"}],"curies":[{"name":"wp","href":"https:\/\/api.w.org\/{rel}","templated":true}]}}